{"id":3985,"date":"2022-02-20T14:18:36","date_gmt":"2022-02-20T14:18:36","guid":{"rendered":"https:\/\/victorfx3d.com.br\/?page_id=3985"},"modified":"2024-05-09T19:01:06","modified_gmt":"2024-05-09T19:01:06","slug":"pagina-inicial-victor-fx-3d","status":"publish","type":"page","link":"https:\/\/victorfx3d.com.br\/digital\/pagina-inicial-victor-fx-3d\/","title":{"rendered":"pagina inicial victor fx 3d"},"content":{"rendered":"\t\t<div data-elementor-type=\"wp-page\" data-elementor-id=\"3985\" class=\"elementor elementor-3985\">\n\t\t\t\t<div class=\"elementor-element elementor-element-773d610 e-flex e-con-boxed e-con e-parent\" data-id=\"773d610\" data-element_type=\"container\" data-e-type=\"container\" data-settings=\"{&quot;background_background&quot;:&quot;classic&quot;}\">\n\t\t\t\t\t<div class=\"e-con-inner\">\n\t\t\t\t<div class=\"elementor-element elementor-element-4d2b92f animated-fast elementor-invisible elementor-widget elementor-widget-heading\" data-id=\"4d2b92f\" data-element_type=\"widget\" data-e-type=\"widget\" data-settings=\"{&quot;_animation&quot;:&quot;fadeInUp&quot;,&quot;_animation_delay&quot;:300}\" data-widget_type=\"heading.default\">\n\t\t\t\t\t<h1 class=\"elementor-heading-title elementor-size-default\">Todos nossos Produtos <\/h1>\t\t\t\t<\/div>\n\t\t\t\t\t<\/div>\n\t\t\t\t<\/div>\n\t\t<div class=\"elementor-element elementor-element-e4f0f6b e-flex e-con-boxed e-con e-parent\" data-id=\"e4f0f6b\" data-element_type=\"container\" data-e-type=\"container\" data-settings=\"{&quot;background_background&quot;:&quot;classic&quot;}\">\n\t\t\t\t\t<div class=\"e-con-inner\">\n\t\t<div class=\"elementor-element elementor-element-ec61ac3 e-con-full e-flex e-con e-child\" data-id=\"ec61ac3\" data-element_type=\"container\" data-e-type=\"container\">\n\t\t<div class=\"elementor-element elementor-element-d39e8bc e-flex e-con-boxed e-con e-child\" data-id=\"d39e8bc\" data-element_type=\"container\" data-e-type=\"container\" data-settings=\"{&quot;background_background&quot;:&quot;classic&quot;}\">\n\t\t\t\t\t<div class=\"e-con-inner\">\n\t\t\t\t<div class=\"elementor-element elementor-element-439f84b animated-fast elementor-invisible elementor-widget elementor-widget-heading\" data-id=\"439f84b\" data-element_type=\"widget\" data-e-type=\"widget\" data-settings=\"{&quot;_animation&quot;:&quot;fadeInUp&quot;,&quot;_animation_delay&quot;:300}\" data-widget_type=\"heading.default\">\n\t\t\t\t\t<h1 class=\"elementor-heading-title elementor-size-default\">Produtora Digital<\/h1>\t\t\t\t<\/div>\n\t\t\t\t<div class=\"elementor-element elementor-element-a8b77f3 elementor-widget elementor-widget-image\" data-id=\"a8b77f3\" data-element_type=\"widget\" data-e-type=\"widget\" data-widget_type=\"image.default\">\n\t\t\t\t\t\t\t\t\t\t\t\t\t\t\t<img decoding=\"async\" width=\"600\" height=\"128\" data-src=\"https:\/\/victorfx3d.com.br\/wp-content\/uploads\/2022\/05\/visual-fx.png\" class=\"attachment-large size-large wp-image-4716 lazyload\" alt=\"\" data-srcset=\"https:\/\/victorfx3d.com.br\/wp-content\/uploads\/2022\/05\/visual-fx.png 600w, https:\/\/victorfx3d.com.br\/wp-content\/uploads\/2022\/05\/visual-fx-300x64.png 300w\" data-sizes=\"(max-width: 600px) 100vw, 600px\" src=\"data:image\/svg+xml;base64,PHN2ZyB3aWR0aD0iMSIgaGVpZ2h0PSIxIiB4bWxucz0iaHR0cDovL3d3dy53My5vcmcvMjAwMC9zdmciPjwvc3ZnPg==\" style=\"--smush-placeholder-width: 600px; --smush-placeholder-aspect-ratio: 600\/128;\" \/>\t\t\t\t\t\t\t\t\t\t\t\t\t\t\t<\/div>\n\t\t\t\t<div class=\"elementor-element elementor-element-812023a elementor-align-center elementor-mobile-align-center envato-kit-38-radial-out elementor-invisible elementor-widget elementor-widget-button\" data-id=\"812023a\" data-element_type=\"widget\" data-e-type=\"widget\" data-settings=\"{&quot;_animation&quot;:&quot;zoomIn&quot;}\" data-widget_type=\"button.default\">\n\t\t\t\t\t\t\t\t\t\t<a class=\"elementor-button elementor-button-link elementor-size-sm\" href=\"https:\/\/victorfx3d.com.br\/digital\/digital-3\/\">\n\t\t\t\t\t\t<span class=\"elementor-button-content-wrapper\">\n\t\t\t\t\t\t\t\t\t<span class=\"elementor-button-text\">Conhe\u00e7a nossos servi\u00e7os<\/span>\n\t\t\t\t\t<\/span>\n\t\t\t\t\t<\/a>\n\t\t\t\t\t\t\t\t<\/div>\n\t\t\t\t\t<\/div>\n\t\t\t\t<\/div>\n\t\t\t\t<\/div>\n\t\t\t\t\t<\/div>\n\t\t\t\t<\/div>\n\t\t<div class=\"elementor-element elementor-element-2a99ab5 e-flex e-con-boxed e-con e-parent\" data-id=\"2a99ab5\" data-element_type=\"container\" data-e-type=\"container\" data-settings=\"{&quot;background_background&quot;:&quot;classic&quot;}\">\n\t\t\t\t\t<div class=\"e-con-inner\">\n\t\t<div class=\"elementor-element elementor-element-02e6b23 e-con-full e-flex e-con e-child\" data-id=\"02e6b23\" data-element_type=\"container\" data-e-type=\"container\">\n\t\t<div class=\"elementor-element elementor-element-da896fe e-flex e-con-boxed e-con e-child\" data-id=\"da896fe\" data-element_type=\"container\" data-e-type=\"container\" data-settings=\"{&quot;background_background&quot;:&quot;classic&quot;}\">\n\t\t\t\t\t<div class=\"e-con-inner\">\n\t\t\t\t<div class=\"elementor-element elementor-element-3ee881c animated-fast elementor-invisible elementor-widget elementor-widget-heading\" data-id=\"3ee881c\" data-element_type=\"widget\" data-e-type=\"widget\" data-settings=\"{&quot;_animation&quot;:&quot;fadeInUp&quot;,&quot;_animation_delay&quot;:300}\" data-widget_type=\"heading.default\">\n\t\t\t\t\t<h1 class=\"elementor-heading-title elementor-size-default\">Curso de realidade virtual<\/h1>\t\t\t\t<\/div>\n\t\t\t\t<div class=\"elementor-element elementor-element-372d1a3 e-transform elementor-widget elementor-widget-image\" data-id=\"372d1a3\" data-element_type=\"widget\" data-e-type=\"widget\" data-settings=\"{&quot;_transform_scale_effect&quot;:{&quot;unit&quot;:&quot;px&quot;,&quot;size&quot;:1.600000000000000088817841970012523233890533447265625,&quot;sizes&quot;:[]},&quot;_transform_scale_effect_tablet&quot;:{&quot;unit&quot;:&quot;px&quot;,&quot;size&quot;:&quot;&quot;,&quot;sizes&quot;:[]},&quot;_transform_scale_effect_mobile&quot;:{&quot;unit&quot;:&quot;px&quot;,&quot;size&quot;:&quot;&quot;,&quot;sizes&quot;:[]}}\" data-widget_type=\"image.default\">\n\t\t\t\t\t\t\t\t\t\t\t\t\t\t\t<img decoding=\"async\" width=\"300\" height=\"245\" data-src=\"https:\/\/victorfx3d.com.br\/wp-content\/uploads\/2024\/04\/Artboard-1-300x245.png\" class=\"attachment-medium size-medium wp-image-8525 lazyload\" alt=\"\" data-srcset=\"https:\/\/victorfx3d.com.br\/wp-content\/uploads\/2024\/04\/Artboard-1-300x245.png 300w, https:\/\/victorfx3d.com.br\/wp-content\/uploads\/2024\/04\/Artboard-1.png 550w\" data-sizes=\"(max-width: 300px) 100vw, 300px\" src=\"data:image\/svg+xml;base64,PHN2ZyB3aWR0aD0iMSIgaGVpZ2h0PSIxIiB4bWxucz0iaHR0cDovL3d3dy53My5vcmcvMjAwMC9zdmciPjwvc3ZnPg==\" style=\"--smush-placeholder-width: 300px; --smush-placeholder-aspect-ratio: 300\/245;\" \/>\t\t\t\t\t\t\t\t\t\t\t\t\t\t\t<\/div>\n\t\t\t\t<div class=\"elementor-element elementor-element-5f51ee6 elementor-align-center elementor-mobile-align-center envato-kit-38-radial-out elementor-invisible elementor-widget elementor-widget-button\" data-id=\"5f51ee6\" data-element_type=\"widget\" data-e-type=\"widget\" data-settings=\"{&quot;_animation&quot;:&quot;zoomIn&quot;}\" data-widget_type=\"button.default\">\n\t\t\t\t\t\t\t\t\t\t<a class=\"elementor-button elementor-button-link elementor-size-sm\" href=\"https:\/\/victorfx3d.com.br\/Curso-Visual-FX-3D_black\">\n\t\t\t\t\t\t<span class=\"elementor-button-content-wrapper\">\n\t\t\t\t\t\t\t\t\t<span class=\"elementor-button-text\">Saiba Mais sobre o Curso<\/span>\n\t\t\t\t\t<\/span>\n\t\t\t\t\t<\/a>\n\t\t\t\t\t\t\t\t<\/div>\n\t\t\t\t\t<\/div>\n\t\t\t\t<\/div>\n\t\t\t\t<\/div>\n\t\t\t\t\t<\/div>\n\t\t\t\t<\/div>\n\t\t<div class=\"elementor-element elementor-element-576557c e-flex e-con-boxed e-con e-parent\" data-id=\"576557c\" data-element_type=\"container\" data-e-type=\"container\" data-settings=\"{&quot;background_background&quot;:&quot;classic&quot;}\">\n\t\t\t\t\t<div class=\"e-con-inner\">\n\t\t<div class=\"elementor-element elementor-element-385f1d2 e-con-full e-flex e-con e-child\" data-id=\"385f1d2\" data-element_type=\"container\" data-e-type=\"container\">\n\t\t<div class=\"elementor-element elementor-element-0543c0d e-flex e-con-boxed e-con e-child\" data-id=\"0543c0d\" data-element_type=\"container\" data-e-type=\"container\" data-settings=\"{&quot;background_background&quot;:&quot;classic&quot;}\">\n\t\t\t\t\t<div class=\"e-con-inner\">\n\t\t\t\t<div class=\"elementor-element elementor-element-cccf17e animated-fast elementor-invisible elementor-widget elementor-widget-heading\" data-id=\"cccf17e\" data-element_type=\"widget\" data-e-type=\"widget\" data-settings=\"{&quot;_animation&quot;:&quot;fadeInUp&quot;,&quot;_animation_delay&quot;:300}\" data-widget_type=\"heading.default\">\n\t\t\t\t\t<h1 class=\"elementor-heading-title elementor-size-default\">Blog Victor FX 3D<\/h1>\t\t\t\t<\/div>\n\t\t\t\t<div class=\"elementor-element elementor-element-ab89866 elementor-widget elementor-widget-posts\" data-id=\"ab89866\" data-element_type=\"widget\" data-e-type=\"widget\" data-widget_type=\"posts.default\">\n\t\t\t\t<div class=\"elementor-widget-container\">\n\t\t\t\t\t \t\t\t\t<\/div>\n\t\t\t\t<\/div>\n\t\t\t\t<div class=\"elementor-element elementor-element-4558439 elementor-align-center elementor-mobile-align-center envato-kit-38-radial-out elementor-invisible elementor-widget elementor-widget-button\" data-id=\"4558439\" data-element_type=\"widget\" data-e-type=\"widget\" data-settings=\"{&quot;_animation&quot;:&quot;zoomIn&quot;}\" data-widget_type=\"button.default\">\n\t\t\t\t\t\t\t\t\t\t<a class=\"elementor-button elementor-button-link elementor-size-sm\" href=\"https:\/\/victorfx3d.com.br\/blog\">\n\t\t\t\t\t\t<span class=\"elementor-button-content-wrapper\">\n\t\t\t\t\t\t\t\t\t<span class=\"elementor-button-text\">Confira as \u00faltimas publica\u00e7\u00f5es no blog <\/span>\n\t\t\t\t\t<\/span>\n\t\t\t\t\t<\/a>\n\t\t\t\t\t\t\t\t<\/div>\n\t\t\t\t\t<\/div>\n\t\t\t\t<\/div>\n\t\t\t\t<\/div>\n\t\t\t\t\t<\/div>\n\t\t\t\t<\/div>\n\t\t<div class=\"elementor-element elementor-element-2cdcbc7 e-flex e-con-boxed e-con e-parent\" data-id=\"2cdcbc7\" data-element_type=\"container\" data-e-type=\"container\" data-settings=\"{&quot;background_background&quot;:&quot;classic&quot;}\">\n\t\t\t\t\t<div class=\"e-con-inner\">\n\t\t\t\t<div class=\"elementor-element elementor-element-0bdc989 animated-fast elementor-invisible elementor-widget elementor-widget-heading\" data-id=\"0bdc989\" data-element_type=\"widget\" data-e-type=\"widget\" data-settings=\"{&quot;_animation&quot;:&quot;fadeInUp&quot;,&quot;_animation_delay&quot;:400}\" data-widget_type=\"heading.default\">\n\t\t\t\t\t<h1 class=\"elementor-heading-title elementor-size-default\">Todos os direitos reservados Victor Fx 3D<\/h1>\t\t\t\t<\/div>\n\t\t\t\t\t<\/div>\n\t\t\t\t<\/div>\n\t\t\t\t<\/div>\n\t\t","protected":false},"excerpt":{"rendered":"<p>Todos nossos Produtos Produtora Digital Conhe\u00e7a nossos servi\u00e7os Curso de realidade virtual Saiba Mais sobre o Curso Blog Victor FX [&hellip;]<\/p>\n","protected":false},"author":1,"featured_media":0,"parent":0,"menu_order":0,"comment_status":"closed","ping_status":"closed","template":"elementor_header_footer","meta":{"_uag_custom_page_level_css":"","_monsterinsights_skip_tracking":false,"_monsterinsights_sitenote_active":false,"_monsterinsights_sitenote_note":"","_monsterinsights_sitenote_category":0,"site-sidebar-layout":"default","site-content-layout":"","ast-site-content-layout":"default","site-content-style":"default","site-sidebar-style":"default","ast-global-header-display":"","ast-banner-title-visibility":"","ast-main-header-display":"","ast-hfb-above-header-display":"","ast-hfb-below-header-display":"","ast-hfb-mobile-header-display":"","site-post-title":"","ast-breadcrumbs-content":"","ast-featured-img":"","footer-sml-layout":"","ast-disable-related-posts":"","theme-transparent-header-meta":"","adv-header-id-meta":"","stick-header-meta":"","header-above-stick-meta":"","header-main-stick-meta":"","header-below-stick-meta":"","astra-migrate-meta-layouts":"default","ast-page-background-enabled":"default","ast-page-background-meta":{"desktop":{"background-color":"var(--ast-global-color-5)","background-image":"","background-repeat":"repeat","background-position":"center center","background-size":"auto","background-attachment":"scroll","background-type":"","background-media":"","overlay-type":"","overlay-color":"","overlay-opacity":"","overlay-gradient":""},"tablet":{"background-color":"","background-image":"","background-repeat":"repeat","background-position":"center center","background-size":"auto","background-attachment":"scroll","background-type":"","background-media":"","overlay-type":"","overlay-color":"","overlay-opacity":"","overlay-gradient":""},"mobile":{"background-color":"","background-image":"","background-repeat":"repeat","background-position":"center center","background-size":"auto","background-attachment":"scroll","background-type":"","background-media":"","overlay-type":"","overlay-color":"","overlay-opacity":"","overlay-gradient":""}},"ast-content-background-meta":{"desktop":{"background-color":"var(--ast-global-color-4)","background-image":"","background-repeat":"repeat","background-position":"center center","background-size":"auto","background-attachment":"scroll","background-type":"","background-media":"","overlay-type":"","overlay-color":"","overlay-opacity":"","overlay-gradient":""},"tablet":{"background-color":"var(--ast-global-color-4)","background-image":"","background-repeat":"repeat","background-position":"center center","background-size":"auto","background-attachment":"scroll","background-type":"","background-media":"","overlay-type":"","overlay-color":"","overlay-opacity":"","overlay-gradient":""},"mobile":{"background-color":"var(--ast-global-color-4)","background-image":"","background-repeat":"repeat","background-position":"center center","background-size":"auto","background-attachment":"scroll","background-type":"","background-media":"","overlay-type":"","overlay-color":"","overlay-opacity":"","overlay-gradient":""}},"footnotes":""},"class_list":["post-3985","page","type-page","status-publish","hentry"],"yoast_head":"<!-- This site is optimized with the Yoast SEO plugin v27.5 - https:\/\/yoast.com\/product\/yoast-seo-wordpress\/ -->\n<title>pagina inicial victor fx 3d<\/title>\n<meta name=\"robots\" content=\"index, follow, max-snippet:-1, max-image-preview:large, max-video-preview:-1\" \/>\n<link rel=\"canonical\" href=\"https:\/\/victorfx3d.com.br\/digital\/pagina-inicial-victor-fx-3d\/\" \/>\n<meta property=\"og:locale\" content=\"pt_PT\" \/>\n<meta property=\"og:type\" content=\"article\" \/>\n<meta property=\"og:title\" content=\"pagina inicial victor fx 3d\" \/>\n<meta property=\"og:description\" content=\"Todos nossos Produtos Produtora Digital Conhe\u00e7a nossos servi\u00e7os Curso de realidade virtual Saiba Mais sobre o Curso Blog Victor FX [&hellip;]\" \/>\n<meta property=\"og:url\" content=\"https:\/\/victorfx3d.com.br\/digital\/pagina-inicial-victor-fx-3d\/\" \/>\n<meta property=\"og:site_name\" content=\"Visual FX 3D\" \/>\n<meta property=\"article:modified_time\" content=\"2024-05-09T19:01:06+00:00\" \/>\n<meta property=\"og:image\" content=\"https:\/\/victorfx3d.com.br\/wp-content\/uploads\/2022\/05\/visual-fx.png\" \/>\n<meta name=\"twitter:card\" content=\"summary_large_image\" \/>\n<meta name=\"twitter:label1\" content=\"Tempo estimado de leitura\" \/>\n\t<meta name=\"twitter:data1\" content=\"2 minutos\" \/>\n<script type=\"application\/ld+json\" class=\"yoast-schema-graph\">{\"@context\":\"https:\\\/\\\/schema.org\",\"@graph\":[{\"@type\":\"WebPage\",\"@id\":\"https:\\\/\\\/victorfx3d.com.br\\\/digital\\\/pagina-inicial-victor-fx-3d\\\/\",\"url\":\"https:\\\/\\\/victorfx3d.com.br\\\/digital\\\/pagina-inicial-victor-fx-3d\\\/\",\"name\":\"pagina inicial victor fx 3d\",\"isPartOf\":{\"@id\":\"https:\\\/\\\/victorfx3d.com.br\\\/digital\\\/#website\"},\"primaryImageOfPage\":{\"@id\":\"https:\\\/\\\/victorfx3d.com.br\\\/digital\\\/pagina-inicial-victor-fx-3d\\\/#primaryimage\"},\"image\":{\"@id\":\"https:\\\/\\\/victorfx3d.com.br\\\/digital\\\/pagina-inicial-victor-fx-3d\\\/#primaryimage\"},\"thumbnailUrl\":\"https:\\\/\\\/victorfx3d.com.br\\\/wp-content\\\/uploads\\\/2022\\\/05\\\/visual-fx.png\",\"datePublished\":\"2022-02-20T14:18:36+00:00\",\"dateModified\":\"2024-05-09T19:01:06+00:00\",\"breadcrumb\":{\"@id\":\"https:\\\/\\\/victorfx3d.com.br\\\/digital\\\/pagina-inicial-victor-fx-3d\\\/#breadcrumb\"},\"inLanguage\":\"pt-PT\",\"potentialAction\":[{\"@type\":\"ReadAction\",\"target\":[\"https:\\\/\\\/victorfx3d.com.br\\\/digital\\\/pagina-inicial-victor-fx-3d\\\/\"]}]},{\"@type\":\"ImageObject\",\"inLanguage\":\"pt-PT\",\"@id\":\"https:\\\/\\\/victorfx3d.com.br\\\/digital\\\/pagina-inicial-victor-fx-3d\\\/#primaryimage\",\"url\":\"https:\\\/\\\/victorfx3d.com.br\\\/wp-content\\\/uploads\\\/2022\\\/05\\\/visual-fx.png\",\"contentUrl\":\"https:\\\/\\\/victorfx3d.com.br\\\/wp-content\\\/uploads\\\/2022\\\/05\\\/visual-fx.png\"},{\"@type\":\"BreadcrumbList\",\"@id\":\"https:\\\/\\\/victorfx3d.com.br\\\/digital\\\/pagina-inicial-victor-fx-3d\\\/#breadcrumb\",\"itemListElement\":[{\"@type\":\"ListItem\",\"position\":1,\"name\":\"In\u00edcio\",\"item\":\"https:\\\/\\\/victorfx3d.com.br\\\/digital\\\/\"},{\"@type\":\"ListItem\",\"position\":2,\"name\":\"pagina inicial victor fx 3d\"}]},{\"@type\":\"WebSite\",\"@id\":\"https:\\\/\\\/victorfx3d.com.br\\\/digital\\\/#website\",\"url\":\"https:\\\/\\\/victorfx3d.com.br\\\/digital\\\/\",\"name\":\"Visual FX 3D\",\"description\":\"Conhe\u00e7a um dos melhores curso para introdu\u00e7\u00e3o ao VFX, CGI e REALIDADE VIRTUAL do mercado Brasileiro.\",\"publisher\":{\"@id\":\"https:\\\/\\\/victorfx3d.com.br\\\/digital\\\/#\\\/schema\\\/person\\\/1fcbc7543ecf262b07ccc3fd1bcae7d3\"},\"potentialAction\":[{\"@type\":\"SearchAction\",\"target\":{\"@type\":\"EntryPoint\",\"urlTemplate\":\"https:\\\/\\\/victorfx3d.com.br\\\/digital\\\/?s={search_term_string}\"},\"query-input\":{\"@type\":\"PropertyValueSpecification\",\"valueRequired\":true,\"valueName\":\"search_term_string\"}}],\"inLanguage\":\"pt-PT\"},{\"@type\":[\"Person\",\"Organization\"],\"@id\":\"https:\\\/\\\/victorfx3d.com.br\\\/digital\\\/#\\\/schema\\\/person\\\/1fcbc7543ecf262b07ccc3fd1bcae7d3\",\"name\":\"Victor A. L. Santos\",\"image\":{\"@type\":\"ImageObject\",\"inLanguage\":\"pt-PT\",\"@id\":\"https:\\\/\\\/victorfx3d.com.br\\\/wp-content\\\/uploads\\\/2020\\\/11\\\/Logo_cortado_victor-fx3d.png\",\"url\":\"https:\\\/\\\/victorfx3d.com.br\\\/wp-content\\\/uploads\\\/2020\\\/11\\\/Logo_cortado_victor-fx3d.png\",\"contentUrl\":\"https:\\\/\\\/victorfx3d.com.br\\\/wp-content\\\/uploads\\\/2020\\\/11\\\/Logo_cortado_victor-fx3d.png\",\"width\":400,\"height\":400,\"caption\":\"Victor A. L. Santos\"},\"logo\":{\"@id\":\"https:\\\/\\\/victorfx3d.com.br\\\/wp-content\\\/uploads\\\/2020\\\/11\\\/Logo_cortado_victor-fx3d.png\"},\"description\":\"Victor A. L. Santos Generalista 3D\\\/Motion Graphic. Profissional com mais de 10 anos de experi\u00eancia em agencias e produtoras, Com diversificados projetos, desde escaneamento 3D at\u00e9 document\u00e1rio nacional! Desenvolvi uma vasta gama de conhecimento. Meu objetivo \u00e9 transmitir todo meu conhecimento e ajudar pessoas interessadas nesse conte\u00fado! Poder evoluir e aprender novas t\u00e9cnicas e truques! Junte-se a mim nessa jornada!\",\"sameAs\":[\"https:\\\/\\\/victorfx3d.com.br\"]}]}<\/script>\n<!-- \/ Yoast SEO plugin. -->","yoast_head_json":{"title":"pagina inicial victor fx 3d","robots":{"index":"index","follow":"follow","max-snippet":"max-snippet:-1","max-image-preview":"max-image-preview:large","max-video-preview":"max-video-preview:-1"},"canonical":"https:\/\/victorfx3d.com.br\/digital\/pagina-inicial-victor-fx-3d\/","og_locale":"pt_PT","og_type":"article","og_title":"pagina inicial victor fx 3d","og_description":"Todos nossos Produtos Produtora Digital Conhe\u00e7a nossos servi\u00e7os Curso de realidade virtual Saiba Mais sobre o Curso Blog Victor FX [&hellip;]","og_url":"https:\/\/victorfx3d.com.br\/digital\/pagina-inicial-victor-fx-3d\/","og_site_name":"Visual FX 3D","article_modified_time":"2024-05-09T19:01:06+00:00","og_image":[{"url":"https:\/\/victorfx3d.com.br\/wp-content\/uploads\/2022\/05\/visual-fx.png","type":"","width":"","height":""}],"twitter_card":"summary_large_image","twitter_misc":{"Tempo estimado de leitura":"2 minutos"},"schema":{"@context":"https:\/\/schema.org","@graph":[{"@type":"WebPage","@id":"https:\/\/victorfx3d.com.br\/digital\/pagina-inicial-victor-fx-3d\/","url":"https:\/\/victorfx3d.com.br\/digital\/pagina-inicial-victor-fx-3d\/","name":"pagina inicial victor fx 3d","isPartOf":{"@id":"https:\/\/victorfx3d.com.br\/digital\/#website"},"primaryImageOfPage":{"@id":"https:\/\/victorfx3d.com.br\/digital\/pagina-inicial-victor-fx-3d\/#primaryimage"},"image":{"@id":"https:\/\/victorfx3d.com.br\/digital\/pagina-inicial-victor-fx-3d\/#primaryimage"},"thumbnailUrl":"https:\/\/victorfx3d.com.br\/wp-content\/uploads\/2022\/05\/visual-fx.png","datePublished":"2022-02-20T14:18:36+00:00","dateModified":"2024-05-09T19:01:06+00:00","breadcrumb":{"@id":"https:\/\/victorfx3d.com.br\/digital\/pagina-inicial-victor-fx-3d\/#breadcrumb"},"inLanguage":"pt-PT","potentialAction":[{"@type":"ReadAction","target":["https:\/\/victorfx3d.com.br\/digital\/pagina-inicial-victor-fx-3d\/"]}]},{"@type":"ImageObject","inLanguage":"pt-PT","@id":"https:\/\/victorfx3d.com.br\/digital\/pagina-inicial-victor-fx-3d\/#primaryimage","url":"https:\/\/victorfx3d.com.br\/wp-content\/uploads\/2022\/05\/visual-fx.png","contentUrl":"https:\/\/victorfx3d.com.br\/wp-content\/uploads\/2022\/05\/visual-fx.png"},{"@type":"BreadcrumbList","@id":"https:\/\/victorfx3d.com.br\/digital\/pagina-inicial-victor-fx-3d\/#breadcrumb","itemListElement":[{"@type":"ListItem","position":1,"name":"In\u00edcio","item":"https:\/\/victorfx3d.com.br\/digital\/"},{"@type":"ListItem","position":2,"name":"pagina inicial victor fx 3d"}]},{"@type":"WebSite","@id":"https:\/\/victorfx3d.com.br\/digital\/#website","url":"https:\/\/victorfx3d.com.br\/digital\/","name":"Visual FX 3D","description":"Conhe\u00e7a um dos melhores curso para introdu\u00e7\u00e3o ao VFX, CGI e REALIDADE VIRTUAL do mercado Brasileiro.","publisher":{"@id":"https:\/\/victorfx3d.com.br\/digital\/#\/schema\/person\/1fcbc7543ecf262b07ccc3fd1bcae7d3"},"potentialAction":[{"@type":"SearchAction","target":{"@type":"EntryPoint","urlTemplate":"https:\/\/victorfx3d.com.br\/digital\/?s={search_term_string}"},"query-input":{"@type":"PropertyValueSpecification","valueRequired":true,"valueName":"search_term_string"}}],"inLanguage":"pt-PT"},{"@type":["Person","Organization"],"@id":"https:\/\/victorfx3d.com.br\/digital\/#\/schema\/person\/1fcbc7543ecf262b07ccc3fd1bcae7d3","name":"Victor A. L. Santos","image":{"@type":"ImageObject","inLanguage":"pt-PT","@id":"https:\/\/victorfx3d.com.br\/wp-content\/uploads\/2020\/11\/Logo_cortado_victor-fx3d.png","url":"https:\/\/victorfx3d.com.br\/wp-content\/uploads\/2020\/11\/Logo_cortado_victor-fx3d.png","contentUrl":"https:\/\/victorfx3d.com.br\/wp-content\/uploads\/2020\/11\/Logo_cortado_victor-fx3d.png","width":400,"height":400,"caption":"Victor A. L. Santos"},"logo":{"@id":"https:\/\/victorfx3d.com.br\/wp-content\/uploads\/2020\/11\/Logo_cortado_victor-fx3d.png"},"description":"Victor A. L. Santos Generalista 3D\/Motion Graphic. Profissional com mais de 10 anos de experi\u00eancia em agencias e produtoras, Com diversificados projetos, desde escaneamento 3D at\u00e9 document\u00e1rio nacional! Desenvolvi uma vasta gama de conhecimento. Meu objetivo \u00e9 transmitir todo meu conhecimento e ajudar pessoas interessadas nesse conte\u00fado! Poder evoluir e aprender novas t\u00e9cnicas e truques! Junte-se a mim nessa jornada!","sameAs":["https:\/\/victorfx3d.com.br"]}]}},"uagb_featured_image_src":{"full":false,"thumbnail":false,"medium":false,"medium_large":false,"large":false,"1536x1536":false,"2048x2048":false},"uagb_author_info":{"display_name":"Victor A. L. Santos","author_link":"https:\/\/victorfx3d.com.br\/digital\/author\/victorioso28\/"},"uagb_comment_info":0,"uagb_excerpt":"Todos nossos Produtos Produtora Digital Conhe\u00e7a nossos servi\u00e7os Curso de realidade virtual Saiba Mais sobre o Curso Blog Victor FX [&hellip;]","_links":{"self":[{"href":"https:\/\/victorfx3d.com.br\/digital\/wp-json\/wp\/v2\/pages\/3985","targetHints":{"allow":["GET"]}}],"collection":[{"href":"https:\/\/victorfx3d.com.br\/digital\/wp-json\/wp\/v2\/pages"}],"about":[{"href":"https:\/\/victorfx3d.com.br\/digital\/wp-json\/wp\/v2\/types\/page"}],"author":[{"embeddable":true,"href":"https:\/\/victorfx3d.com.br\/digital\/wp-json\/wp\/v2\/users\/1"}],"replies":[{"embeddable":true,"href":"https:\/\/victorfx3d.com.br\/digital\/wp-json\/wp\/v2\/comments?post=3985"}],"version-history":[{"count":521,"href":"https:\/\/victorfx3d.com.br\/digital\/wp-json\/wp\/v2\/pages\/3985\/revisions"}],"predecessor-version":[{"id":9143,"href":"https:\/\/victorfx3d.com.br\/digital\/wp-json\/wp\/v2\/pages\/3985\/revisions\/9143"}],"wp:attachment":[{"href":"https:\/\/victorfx3d.com.br\/digital\/wp-json\/wp\/v2\/media?parent=3985"}],"curies":[{"name":"wp","href":"https:\/\/api.w.org\/{rel}","templated":true}]}}